{"id":1027,"date":"2024-05-10T09:17:05","date_gmt":"2024-05-10T09:17:05","guid":{"rendered":"https:\/\/www.asilonidospes.it\/?page_id=1027"},"modified":"2024-06-26T20:39:21","modified_gmt":"2024-06-26T20:39:21","slug":"accesso-al-nido","status":"publish","type":"page","link":"https:\/\/www.asilonidospes.it\/?page_id=1027","title":{"rendered":"Accesso al Nido"},"content":{"rendered":"\t\t<div data-elementor-type=\"wp-page\" data-elementor-id=\"1027\" class=\"elementor elementor-1027\">\n\t\t\t\t\t\t<section class=\"elementor-section elementor-top-section elementor-element elementor-element-ec17df2 elementor-section-boxed elementor-section-height-default elementor-section-height-default\" data-id=\"ec17df2\" data-element_type=\"section\" data-e-type=\"section\">\n\t\t\t\t\t\t<div class=\"elementor-container elementor-column-gap-default\">\n\t\t\t\t\t<div class=\"elementor-column elementor-col-100 elementor-top-column elementor-element elementor-element-ad80071\" data-id=\"ad80071\" data-element_type=\"column\" data-e-type=\"column\">\n\t\t\t<div class=\"elementor-widget-wrap elementor-element-populated\">\n\t\t\t\t\t\t<div class=\"elementor-element elementor-element-36ccd90 elementor-widget elementor-widget-heading\" data-id=\"36ccd90\" data-element_type=\"widget\" data-e-type=\"widget\" data-widget_type=\"heading.default\">\n\t\t\t\t<div class=\"elementor-widget-container\">\n\t\t\t\t\t<h2 class=\"elementor-heading-title elementor-size-default\">Linee guida per accedere al Nido<\/h2>\t\t\t\t<\/div>\n\t\t\t\t<\/div>\n\t\t\t\t<div class=\"elementor-element elementor-element-db0a19c elementor-widget elementor-widget-spacer\" data-id=\"db0a19c\" data-element_type=\"widget\" data-e-type=\"widget\" data-widget_type=\"spacer.default\">\n\t\t\t\t<div class=\"elementor-widget-container\">\n\t\t\t\t\t\t\t<div class=\"elementor-spacer\">\n\t\t\t<div class=\"elementor-spacer-inner\"><\/div>\n\t\t<\/div>\n\t\t\t\t\t\t<\/div>\n\t\t\t\t<\/div>\n\t\t\t\t\t<\/div>\n\t\t<\/div>\n\t\t\t\t\t<\/div>\n\t\t<\/section>\n\t\t\t\t<section class=\"elementor-section elementor-top-section elementor-element elementor-element-fe7f648 elementor-section-boxed elementor-section-height-default elementor-section-height-default\" data-id=\"fe7f648\" data-element_type=\"section\" data-e-type=\"section\">\n\t\t\t\t\t\t<div class=\"elementor-container elementor-column-gap-default\">\n\t\t\t\t\t<div class=\"elementor-column elementor-col-100 elementor-top-column elementor-element elementor-element-89cb2c1\" data-id=\"89cb2c1\" data-element_type=\"column\" data-e-type=\"column\">\n\t\t\t<div class=\"elementor-widget-wrap elementor-element-populated\">\n\t\t\t\t\t\t<div class=\"elementor-element elementor-element-1a61fe7 elementor-widget elementor-widget-text-editor\" data-id=\"1a61fe7\" data-element_type=\"widget\" data-e-type=\"widget\" data-widget_type=\"text-editor.default\">\n\t\t\t\t<div class=\"elementor-widget-container\">\n\t\t\t\t\t\t\t\t\t<p>La gestione dell\u2019Asilo Nido, quale servizio rivolto ai bambini 3 mesi\/3 anni, rappresenta la priorit\u00e0 della Cooperativa Sociale \u201cSPES\u201d, che persegue l\u2019obiettivo di soddisfare i bisogni dei piccoli cittadini e delle loro famiglie, attraverso la proposta di offerte educative differenziate, pensate e realizzate con la finalit\u00e0 principale di garantire non solo risposte quantitative, ma soprattutto qualitativamente valide, lo sviluppo armonico delle bambine e dei bambini, nel rispetto del loro diritto all\u2019educazione.<\/p><p><strong>L\u2019obiettivo \u00e8 quello di rispondere ai bisogni dell\u2019utenza in un rapporto di costante collaborazione, che mira alla costruzione di un progetto educativo, finalizzato alla crescita armonica dei piccoli utenti e allo sviluppo della cultura dell\u2019infanzia su tutto il territorio.<\/strong><\/p><p><span style=\"font-weight: 400;\">Il Nido d&#8217;Infanzia \u00e8 aperto dal 1 Settembre al 31 Luglio, dal luned\u00ec al venerd\u00ec, per 36 ore settimanali, secondo il seguente orario:<\/span><\/p><ul><li style=\"font-weight: 400;\" aria-level=\"1\"><span style=\"font-weight: 400;\">dal luned\u00ec al gioved\u00ec dalle ore 8:00 alle ore 15:15.<\/span><\/li><li style=\"font-weight: 400;\" aria-level=\"1\"><span style=\"font-weight: 400;\">Il venerd\u00ec dalle ore 8:00 alle ore 15.00.<\/span><\/li><\/ul><p><span style=\"font-weight: 400;\">Il servizio \u00e8 accreditato al catalogo regionale 0\/6 per l&#8217;erogazione di\u00a0 servizi in favore dell\u2019Infanzia 0\/3 anni, ( art.53 Reg.Reg. 4\/2007- Asilo Nido)per n.45 posti.\u00a0<\/span><\/p><p><span style=\"font-weight: 400;\">Nel rispetto di quanto previsto dal Regolamento Regionale n\u00b04\/2007 art.53, il rapporto educatore \u2013bambino \u00e8 di:<\/span><\/p><p><span style=\"font-weight: 400;\">-1 educatore ogni 5 minori dai 3 ai 12 mesi (sezione lattanti)<\/span><\/p><p><span style=\"font-weight: 400;\">&#8211; 1 educatore ogni 8 minori dai 13 ai 23 mesi (sezione semidivezzi);<\/span><\/p><p><span style=\"font-weight: 400;\">&#8211; 1 educatore ogni 10 minori dai 24 ai 36 mesi (sezione divezzi).<\/span><\/p><p><span style=\"font-weight: 400;\">\u00a0Viene garantito \u00a0il diritto all\u2019inserimento e all\u2019integrazione di bambini diversamente abili, secondo quanto previsto dall\u2019art. 12 comma 5 della L. n. 104\/1992.<\/span><\/p><p><span style=\"font-weight: 400;\">La Coop. definisce criteri di accesso, modalit\u00e0 di partecipazione degli utenti , tempi e criteri di gestione del servizio, dandone massima diffusione, attraverso\u00a0 la Carta dei Servizi e il Regolamento Interno, facilmente consultabili e messi a disposizione dell\u2019utenza .\u00a0<\/span><\/p>\t\t\t\t\t\t\t\t<\/div>\n\t\t\t\t<\/div>\n\t\t\t\t<div class=\"elementor-element elementor-element-dd77cf0 elementor-widget elementor-widget-heading\" data-id=\"dd77cf0\" data-element_type=\"widget\" data-e-type=\"widget\" data-widget_type=\"heading.default\">\n\t\t\t\t<div class=\"elementor-widget-container\">\n\t\t\t\t\t<h4 class=\"elementor-heading-title elementor-size-default\">Come si accede al nido<\/h4>\t\t\t\t<\/div>\n\t\t\t\t<\/div>\n\t\t\t\t<div class=\"elementor-element elementor-element-c31468e elementor-widget elementor-widget-text-editor\" data-id=\"c31468e\" data-element_type=\"widget\" data-e-type=\"widget\" data-widget_type=\"text-editor.default\">\n\t\t\t\t<div class=\"elementor-widget-container\">\n\t\t\t\t\t\t\t\t\t<p><span style=\"font-weight: 400;\">Le famiglie, nei tempi e con le modalit\u00e0 definite dall\u2019avviso pubblico rivolto ai nuclei familiari,\u00a0 possono\u00a0 iscriversi al nido presentando domanda attraverso la piattaforma telematica dedicata dell\u2019Offerta di Servizi per Minori della Regione Puglia 0\/6.<\/span><span style=\"font-weight: 400;\">\u00a0<\/span><\/p><p><span style=\"font-weight: 400;\">\u00a0La domanda di buono educativo \u00e8 inoltrata esclusivamente per via telematica attraverso la procedura on-line attiva sul portale <\/span><a href=\"http:\/\/www.studioinpuglia.regione.puglia.it\/zerosei\"><span style=\"font-weight: 400;\">www.studioinpuglia.regione.puglia.it\/zerosei<\/span><\/a><\/p><p><span style=\"font-weight: 400;\">La procedura di presentazione della domanda \u00e8 di tipo chiuso in quanto pu\u00f2 essere effettuata esclusivamente nei termini delle finestre temporali stabilite dall\u2019avviso pubblico regionale.<\/span><\/p><p><span style=\"font-weight: 400;\">Possono presentare istanza di Buoni educativi i nuclei familiari con minori da zero a tre anni in possesso di ISEE non superiore a \u20ac 75.000,00<\/span><span style=\"font-weight: 400;\">\u00a0<\/span><\/p><p><span style=\"font-weight: 400;\">\u00a0La retta mensile omnicomprensiva di riferimento, compreso il pasto, Iva inclusa per le diverse fasce di et\u00e0: LATTANTI( 3\/12 mesi); SEMIDIVEZZI( 13\/23 mesi); DIVEZZI (24\/36 mesi) \u00e8 di\u00a0<\/span><\/p><p><span style=\"font-weight: 400;\">\u20ac 720,00 mensili come stabilito dall\u2019 Avviso Pubblico Regionale rivolto <\/span><span style=\"font-weight: 400;\">ai nuclei familiari per l\u2019accesso ai servizi educativi per minori da zero a tre anni accreditati nel Catalogo telematico dell\u2019offerta per minori zerosei tramite buoni educativi per minori (a.e. 2023\/2024)<\/span><span style=\"font-weight: 400;\">, approvato c<\/span><span style=\"font-weight: 400;\">on Atto Dirigenziale n.228 del 24\/08\/2023 .<\/span><\/p><p><span style=\"font-weight: 400;\">L\u2019unit\u00e0 di costo standard \u00e8 comprensiva della quota di compartecipazione a carico del nucleo familiare e del valore del buono educativo.<\/span><\/p>\t\t\t\t\t\t\t\t<\/div>\n\t\t\t\t<\/div>\n\t\t\t\t<div class=\"elementor-element elementor-element-cc99df4 elementor-widget elementor-widget-spacer\" data-id=\"cc99df4\" data-element_type=\"widget\" data-e-type=\"widget\" data-widget_type=\"spacer.default\">\n\t\t\t\t<div class=\"elementor-widget-container\">\n\t\t\t\t\t\t\t<div class=\"elementor-spacer\">\n\t\t\t<div class=\"elementor-spacer-inner\"><\/div>\n\t\t<\/div>\n\t\t\t\t\t\t<\/div>\n\t\t\t\t<\/div>\n\t\t\t\t<div class=\"elementor-element elementor-element-b778fd4 elementor-align-center elementor-widget elementor-widget-button\" data-id=\"b778fd4\" data-element_type=\"widget\" data-e-type=\"widget\" data-widget_type=\"button.default\">\n\t\t\t\t<div class=\"elementor-widget-container\">\n\t\t\t\t\t\t\t\t\t<div class=\"elementor-button-wrapper\">\n\t\t\t\t\t<a class=\"elementor-button elementor-button-link elementor-size-sm\" href=\"https:\/\/www.asilonidospes.it\/wp-content\/uploads\/2024\/06\/CARTA-DEI-SERVIZI-anno-2024-2025.pdf\">\n\t\t\t\t\t\t<span class=\"elementor-button-content-wrapper\">\n\t\t\t\t\t\t\t\t\t<span class=\"elementor-button-text\">Carta dei Servizi 2024\/2025<\/span>\n\t\t\t\t\t<\/span>\n\t\t\t\t\t<\/a>\n\t\t\t\t<\/div>\n\t\t\t\t\t\t\t\t<\/div>\n\t\t\t\t<\/div>\n\t\t\t\t\t<\/div>\n\t\t<\/div>\n\t\t\t\t\t<\/div>\n\t\t<\/section>\n\t\t\t\t<\/div>\n\t\t","protected":false},"excerpt":{"rendered":"<p>Linee guida per accedere al Nido La gestione dell\u2019Asilo Nido, quale servizio rivolto ai bambini 3 mesi\/3 anni, rappresenta la priorit\u00e0 della Cooperativa Sociale \u201cSPES\u201d, [&hellip;]<\/p>\n","protected":false},"author":1,"featured_media":0,"parent":0,"menu_order":0,"comment_status":"closed","ping_status":"closed","template":"","meta":{"footnotes":""},"class_list":["post-1027","page","type-page","status-publish","hentry"],"yoast_head":"<!-- This site is optimized with the Yoast SEO plugin v27.6 - https:\/\/yoast.com\/product\/yoast-seo-wordpress\/ -->\n<title>Asilo Nido &quot;Spes&quot;<\/title>\n<meta name=\"robots\" content=\"index, follow, max-snippet:-1, max-image-preview:large, max-video-preview:-1\" \/>\n<link rel=\"canonical\" href=\"https:\/\/www.asilonidospes.it\/?page_id=1027\" \/>\n<meta property=\"og:locale\" content=\"it_IT\" \/>\n<meta property=\"og:type\" content=\"article\" \/>\n<meta property=\"og:title\" content=\"Asilo Nido &quot;Spes&quot;\" \/>\n<meta property=\"og:description\" content=\"Linee guida per accedere al Nido La gestione dell\u2019Asilo Nido, quale servizio rivolto ai bambini 3 mesi\/3 anni, rappresenta la priorit\u00e0 della Cooperativa Sociale \u201cSPES\u201d, [&hellip;]\" \/>\n<meta property=\"og:url\" content=\"https:\/\/www.asilonidospes.it\/?page_id=1027\" \/>\n<meta property=\"og:site_name\" content=\"asilonidospes.it\" \/>\n<meta property=\"article:modified_time\" content=\"2024-06-26T20:39:21+00:00\" \/>\n<meta name=\"twitter:card\" content=\"summary_large_image\" \/>\n<meta name=\"twitter:label1\" content=\"Tempo di lettura stimato\" \/>\n\t<meta name=\"twitter:data1\" content=\"2 minuti\" \/>\n<script type=\"application\/ld+json\" class=\"yoast-schema-graph\">{\"@context\":\"https:\\\/\\\/schema.org\",\"@graph\":[{\"@type\":\"WebPage\",\"@id\":\"https:\\\/\\\/www.asilonidospes.it\\\/?page_id=1027\",\"url\":\"https:\\\/\\\/www.asilonidospes.it\\\/?page_id=1027\",\"name\":\"Asilo Nido \\\"Spes\\\"\",\"isPartOf\":{\"@id\":\"https:\\\/\\\/www.asilonidospes.it\\\/#website\"},\"datePublished\":\"2024-05-10T09:17:05+00:00\",\"dateModified\":\"2024-06-26T20:39:21+00:00\",\"inLanguage\":\"it-IT\",\"potentialAction\":[{\"@type\":\"ReadAction\",\"target\":[\"https:\\\/\\\/www.asilonidospes.it\\\/?page_id=1027\"]}]},{\"@type\":\"WebSite\",\"@id\":\"https:\\\/\\\/www.asilonidospes.it\\\/#website\",\"url\":\"https:\\\/\\\/www.asilonidospes.it\\\/\",\"name\":\"asilonidospes.it\",\"description\":\"\",\"publisher\":{\"@id\":\"https:\\\/\\\/www.asilonidospes.it\\\/#organization\"},\"potentialAction\":[{\"@type\":\"SearchAction\",\"target\":{\"@type\":\"EntryPoint\",\"urlTemplate\":\"https:\\\/\\\/www.asilonidospes.it\\\/?s={search_term_string}\"},\"query-input\":{\"@type\":\"PropertyValueSpecification\",\"valueRequired\":true,\"valueName\":\"search_term_string\"}}],\"inLanguage\":\"it-IT\"},{\"@type\":\"Organization\",\"@id\":\"https:\\\/\\\/www.asilonidospes.it\\\/#organization\",\"name\":\"Cooperativa \\\"SPES\\\"\",\"url\":\"https:\\\/\\\/www.asilonidospes.it\\\/\",\"logo\":{\"@type\":\"ImageObject\",\"inLanguage\":\"it-IT\",\"@id\":\"https:\\\/\\\/www.asilonidospes.it\\\/#\\\/schema\\\/logo\\\/image\\\/\",\"url\":\"https:\\\/\\\/www.asilonidospes.it\\\/wp-content\\\/uploads\\\/2021\\\/12\\\/cropped-259401516_292556159364499_2933684309462808469_n-2.jpeg\",\"contentUrl\":\"https:\\\/\\\/www.asilonidospes.it\\\/wp-content\\\/uploads\\\/2021\\\/12\\\/cropped-259401516_292556159364499_2933684309462808469_n-2.jpeg\",\"width\":1920,\"height\":1920,\"caption\":\"Cooperativa \\\"SPES\\\"\"},\"image\":{\"@id\":\"https:\\\/\\\/www.asilonidospes.it\\\/#\\\/schema\\\/logo\\\/image\\\/\"}}]}<\/script>\n<!-- \/ Yoast SEO plugin. -->","yoast_head_json":{"title":"Asilo Nido \"Spes\"","robots":{"index":"index","follow":"follow","max-snippet":"max-snippet:-1","max-image-preview":"max-image-preview:large","max-video-preview":"max-video-preview:-1"},"canonical":"https:\/\/www.asilonidospes.it\/?page_id=1027","og_locale":"it_IT","og_type":"article","og_title":"Asilo Nido \"Spes\"","og_description":"Linee guida per accedere al Nido La gestione dell\u2019Asilo Nido, quale servizio rivolto ai bambini 3 mesi\/3 anni, rappresenta la priorit\u00e0 della Cooperativa Sociale \u201cSPES\u201d, [&hellip;]","og_url":"https:\/\/www.asilonidospes.it\/?page_id=1027","og_site_name":"asilonidospes.it","article_modified_time":"2024-06-26T20:39:21+00:00","twitter_card":"summary_large_image","twitter_misc":{"Tempo di lettura stimato":"2 minuti"},"schema":{"@context":"https:\/\/schema.org","@graph":[{"@type":"WebPage","@id":"https:\/\/www.asilonidospes.it\/?page_id=1027","url":"https:\/\/www.asilonidospes.it\/?page_id=1027","name":"Asilo Nido \"Spes\"","isPartOf":{"@id":"https:\/\/www.asilonidospes.it\/#website"},"datePublished":"2024-05-10T09:17:05+00:00","dateModified":"2024-06-26T20:39:21+00:00","inLanguage":"it-IT","potentialAction":[{"@type":"ReadAction","target":["https:\/\/www.asilonidospes.it\/?page_id=1027"]}]},{"@type":"WebSite","@id":"https:\/\/www.asilonidospes.it\/#website","url":"https:\/\/www.asilonidospes.it\/","name":"asilonidospes.it","description":"","publisher":{"@id":"https:\/\/www.asilonidospes.it\/#organization"},"potentialAction":[{"@type":"SearchAction","target":{"@type":"EntryPoint","urlTemplate":"https:\/\/www.asilonidospes.it\/?s={search_term_string}"},"query-input":{"@type":"PropertyValueSpecification","valueRequired":true,"valueName":"search_term_string"}}],"inLanguage":"it-IT"},{"@type":"Organization","@id":"https:\/\/www.asilonidospes.it\/#organization","name":"Cooperativa \"SPES\"","url":"https:\/\/www.asilonidospes.it\/","logo":{"@type":"ImageObject","inLanguage":"it-IT","@id":"https:\/\/www.asilonidospes.it\/#\/schema\/logo\/image\/","url":"https:\/\/www.asilonidospes.it\/wp-content\/uploads\/2021\/12\/cropped-259401516_292556159364499_2933684309462808469_n-2.jpeg","contentUrl":"https:\/\/www.asilonidospes.it\/wp-content\/uploads\/2021\/12\/cropped-259401516_292556159364499_2933684309462808469_n-2.jpeg","width":1920,"height":1920,"caption":"Cooperativa \"SPES\""},"image":{"@id":"https:\/\/www.asilonidospes.it\/#\/schema\/logo\/image\/"}}]}},"_links":{"self":[{"href":"https:\/\/www.asilonidospes.it\/index.php?rest_route=\/wp\/v2\/pages\/1027","targetHints":{"allow":["GET"]}}],"collection":[{"href":"https:\/\/www.asilonidospes.it\/index.php?rest_route=\/wp\/v2\/pages"}],"about":[{"href":"https:\/\/www.asilonidospes.it\/index.php?rest_route=\/wp\/v2\/types\/page"}],"author":[{"embeddable":true,"href":"https:\/\/www.asilonidospes.it\/index.php?rest_route=\/wp\/v2\/users\/1"}],"replies":[{"embeddable":true,"href":"https:\/\/www.asilonidospes.it\/index.php?rest_route=%2Fwp%2Fv2%2Fcomments&post=1027"}],"version-history":[{"count":7,"href":"https:\/\/www.asilonidospes.it\/index.php?rest_route=\/wp\/v2\/pages\/1027\/revisions"}],"predecessor-version":[{"id":1091,"href":"https:\/\/www.asilonidospes.it\/index.php?rest_route=\/wp\/v2\/pages\/1027\/revisions\/1091"}],"wp:attachment":[{"href":"https:\/\/www.asilonidospes.it\/index.php?rest_route=%2Fwp%2Fv2%2Fmedia&parent=1027"}],"curies":[{"name":"wp","href":"https:\/\/api.w.org\/{rel}","templated":true}]}}