{"id":93,"date":"2021-12-14T19:56:18","date_gmt":"2021-12-14T19:56:18","guid":{"rendered":"https:\/\/www.asilonidospes.it\/?page_id=93"},"modified":"2022-01-28T08:44:28","modified_gmt":"2022-01-28T08:44:28","slug":"il-territorio","status":"publish","type":"page","link":"https:\/\/www.asilonidospes.it\/?page_id=93","title":{"rendered":"Il territorio"},"content":{"rendered":"\t\t<div data-elementor-type=\"wp-page\" data-elementor-id=\"93\" class=\"elementor elementor-93\">\n\t\t\t\t\t\t<section class=\"elementor-section elementor-top-section elementor-element elementor-element-9902705 elementor-section-boxed elementor-section-height-default elementor-section-height-default\" data-id=\"9902705\" data-element_type=\"section\" data-e-type=\"section\">\n\t\t\t\t\t\t<div class=\"elementor-container elementor-column-gap-default\">\n\t\t\t\t\t<div class=\"elementor-column elementor-col-100 elementor-top-column elementor-element elementor-element-3322e15\" data-id=\"3322e15\" data-element_type=\"column\" data-e-type=\"column\">\n\t\t\t<div class=\"elementor-widget-wrap elementor-element-populated\">\n\t\t\t\t\t\t<div class=\"elementor-element elementor-element-cfd8605 elementor-widget elementor-widget-spacer\" data-id=\"cfd8605\" data-element_type=\"widget\" data-e-type=\"widget\" data-widget_type=\"spacer.default\">\n\t\t\t\t<div class=\"elementor-widget-container\">\n\t\t\t\t\t\t\t<div class=\"elementor-spacer\">\n\t\t\t<div class=\"elementor-spacer-inner\"><\/div>\n\t\t<\/div>\n\t\t\t\t\t\t<\/div>\n\t\t\t\t<\/div>\n\t\t\t\t<div class=\"elementor-element elementor-element-c6d0ffb elementor-widget elementor-widget-heading\" data-id=\"c6d0ffb\" data-element_type=\"widget\" data-e-type=\"widget\" data-widget_type=\"heading.default\">\n\t\t\t\t<div class=\"elementor-widget-container\">\n\t\t\t\t\t<h2 class=\"elementor-heading-title elementor-size-default\">La rete sociale<\/h2>\t\t\t\t<\/div>\n\t\t\t\t<\/div>\n\t\t\t\t<div class=\"elementor-element elementor-element-93d5dc1 elementor-widget elementor-widget-spacer\" data-id=\"93d5dc1\" data-element_type=\"widget\" data-e-type=\"widget\" data-widget_type=\"spacer.default\">\n\t\t\t\t<div class=\"elementor-widget-container\">\n\t\t\t\t\t\t\t<div class=\"elementor-spacer\">\n\t\t\t<div class=\"elementor-spacer-inner\"><\/div>\n\t\t<\/div>\n\t\t\t\t\t\t<\/div>\n\t\t\t\t<\/div>\n\t\t\t\t<div class=\"elementor-element elementor-element-ad3a75a elementor-widget elementor-widget-text-editor\" data-id=\"ad3a75a\" data-element_type=\"widget\" data-e-type=\"widget\" data-widget_type=\"text-editor.default\">\n\t\t\t\t<div class=\"elementor-widget-container\">\n\t\t\t\t\t\t\t\t\t<p>In un&#8217;ottica di crescita comune, \u00e8 necessario attivare forme di collaborazione finalizzate al confronto, allo scambio, per meglio incidere sulla cultura prevalente. \u00c8 necessario attivare processi di cambiamento consapevoli, nel rispetto dei bisogni dei bambini e della famiglia, della collettivit\u00e0 tutta.<\/p><p>Se l&#8217;obiettivo comune \u00e8 quello di lavorare per la collettivit\u00e0 e il miglioramento della vita, \u00e8 inevitabile svolgere un lavoro di rete, che veda protagonisti i vari attori sociali, compreso l&#8217;ente pubblico, per un lavoro di squadra, attraverso la conoscenza e il rispetto dei vari punti di vista, per attivare azioni con grande senso di responsabilit\u00e0.<\/p><p>Nell&#8217;ambito territoriale, la coop. Spes, \u00e8 in rete con l&#8217;<strong>Ente locale<\/strong>, con cui \u00e8 convenzionata dal 1980.<\/p><p>I rapporti con il comune, sono frequenti, non solo rispetto alla gestione del servizio nido, in quanto \u00e8 l&#8217;ente che formula la graduatoria degli iscritti, ma anche rispetto a progetti ed iniziative mirate:<\/p><ul><li>Progetto piano territoriale legge 285\/97 per l&#8217;infanzia e l&#8217;adolescenza attraverso cui la coop. ha attivato un centro ricreativo, rivolto ai bambini e alle famiglie;<\/li><li>Progetto finalizzato dalla Regione Puglia, che ha permesso alla coop. di dare risposta alle famiglie in lista d&#8217;attesa, garantendo l&#8217;apertura del servizio nelle ore pomeridiane dalle 14.00 alle 20.00.<\/li><\/ul>\t\t\t\t\t\t\t\t<\/div>\n\t\t\t\t<\/div>\n\t\t\t\t<div class=\"elementor-element elementor-element-96faf8e elementor-widget elementor-widget-spacer\" data-id=\"96faf8e\" data-element_type=\"widget\" data-e-type=\"widget\" data-widget_type=\"spacer.default\">\n\t\t\t\t<div class=\"elementor-widget-container\">\n\t\t\t\t\t\t\t<div class=\"elementor-spacer\">\n\t\t\t<div class=\"elementor-spacer-inner\"><\/div>\n\t\t<\/div>\n\t\t\t\t\t\t<\/div>\n\t\t\t\t<\/div>\n\t\t\t\t<div class=\"elementor-element elementor-element-05385bb elementor-widget elementor-widget-heading\" data-id=\"05385bb\" data-element_type=\"widget\" data-e-type=\"widget\" data-widget_type=\"heading.default\">\n\t\t\t\t<div class=\"elementor-widget-container\">\n\t\t\t\t\t<h4 class=\"elementor-heading-title elementor-size-default\">Ricadute sull'occupazione territoriale<\/h4>\t\t\t\t<\/div>\n\t\t\t\t<\/div>\n\t\t\t\t<div class=\"elementor-element elementor-element-a9b20a9 elementor-widget elementor-widget-text-editor\" data-id=\"a9b20a9\" data-element_type=\"widget\" data-e-type=\"widget\" data-widget_type=\"text-editor.default\">\n\t\t\t\t<div class=\"elementor-widget-container\">\n\t\t\t\t\t\t\t\t\t<p>\u00c8 nostro obiettivo ridurre al massimo il turnover degli educatori, a salvaguardia di un rapporto relazionale stabile e sicuro, ritenendo che l continuit\u00e0 della presenza del personale educativo sia fondamentale e caratterizzante la qualit\u00e0 del servizio. Una buona relazione affettivo-relazionale tra il bambino e l&#8217;educatore infatti, costituisce presupposto indispensabile per un corretto intervento educativo e continuit\u00e0 didattica.<\/p><p>Per questo motivo la strutturazione del gruppo operativo procede verso un sovradimensionamento dell&#8217;organico in modo da garantire, per mezzo delle educatrici regolarmente presenti nel servizio e conosciute dai bambini e dalle famiglie, la copertura delle necessit\u00e0 ordinarie di sostituzioni ferie, malattie e permessi.\u00a0<\/p><p>Nell&#8217;anno 2020, \u00e8 stato necessario tutelare l&#8217;attivit\u00e0 lavorativa, attraverso l&#8217;assunzione di nuove risorse a garanzia dei requisiti funzionali e qualitativi del servizio offerto. La nostra cooperativa investe nella generazione di occupazione stabile, garantendo contratti a tempo indeterminato ai propri lavoratori.<\/p><p>\u00a0Questa politica occupazionale garantisce la stabilit\u00e0 lavorativa a tutti i soci e ai dipendenti, puntando sulla qualit\u00e0 dei rapporti di lavoro e ci\u00f2 influenza ovviamente l&#8217;impatto occupazionale generato nel territorio.<\/p><p>Ulteriore elemento di rilievo nella riflessione sull&#8217;impatto generato dalla cooperativa, \u00e8 dato dal proprio operato. Anche nell&#8217;anno 2020 l&#8217;attivit\u00e0 \u00e8 stata svolta, attraverso la proposta di offerte educative differenziate pensate e realizzate con la finalit\u00e0 principale di garantire risposte qualitativamente valide, ai bisogni del territorio e ai bisogni emergenti.<\/p><p>Il coinvolgimento dei soci e dei dipendenti nel processo decisionale e nella pianificazione delle attivit\u00e0 dell&#8217;organizzazione, l&#8217;ascolto e la comunicazione tra lavoratori, la garanzia del loro stato di benessere, l&#8217;impegno e la professionalit\u00e0 profusa, sono tutti elementi che hanno inciso sulla qualit\u00e0 del servizio e creando un forte impatto sociale e territoriale.<\/p>\t\t\t\t\t\t\t\t<\/div>\n\t\t\t\t<\/div>\n\t\t\t\t<div class=\"elementor-element elementor-element-1998f4b elementor-widget elementor-widget-spacer\" data-id=\"1998f4b\" data-element_type=\"widget\" data-e-type=\"widget\" data-widget_type=\"spacer.default\">\n\t\t\t\t<div class=\"elementor-widget-container\">\n\t\t\t\t\t\t\t<div class=\"elementor-spacer\">\n\t\t\t<div class=\"elementor-spacer-inner\"><\/div>\n\t\t<\/div>\n\t\t\t\t\t\t<\/div>\n\t\t\t\t<\/div>\n\t\t\t\t<div class=\"elementor-element elementor-element-97a3509 elementor-widget elementor-widget-heading\" data-id=\"97a3509\" data-element_type=\"widget\" data-e-type=\"widget\" data-widget_type=\"heading.default\">\n\t\t\t\t<div class=\"elementor-widget-container\">\n\t\t\t\t\t<h4 class=\"elementor-heading-title elementor-size-default\">Rapporto con la collettivit\u00e0<\/h4>\t\t\t\t<\/div>\n\t\t\t\t<\/div>\n\t\t\t\t<div class=\"elementor-element elementor-element-9d40088 elementor-widget elementor-widget-text-editor\" data-id=\"9d40088\" data-element_type=\"widget\" data-e-type=\"widget\" data-widget_type=\"text-editor.default\">\n\t\t\t\t<div class=\"elementor-widget-container\">\n\t\t\t\t\t\t\t\t\t<p>L&#8217;efficacia di un progetto pedagogico che mette\u00a0<strong>al centro il bambino e la sua famiglia<\/strong>, non pu\u00f2 prescindere da un&#8217;azione di corresponsabilit\u00e0 di tutta la societ\u00e0 civile, che si deve far carico dei processi educativi dei propri cittadini, a cominciare dai bambini, nel rispetto dei loro diritti, in un&#8217;ottica di crescita comune.<\/p><p>\u00c8 nostro obiettivo garantire un&#8217;apertura totale nei confronti del territorio. Attualmente la cooperativa \u00e8 in rete:<\/p><p><strong>A livello <\/strong><strong>territoriale:<\/strong><\/p><ul><li>con l&#8217;Ente locale, per la gestione nido e per la condivisione di iniziative e progetti;<\/li><li>con Scuole dell&#8217;infanzia, il nostro obiettivo \u00e8 quello di creare una buona connessione, al fine di garantire la continuit\u00e0 educativa;<\/li><li>con gli Istituti scolastici Superiori del territorio, la condivisione avviene attraverso un&#8217;apertura e conoscenza del nostro progetto educativo, permettendo ai giovani di fare esperienza pratica, nell&#8217;ambito del percorso di alternanza scuola-lavoro;<\/li><li>con le Universit\u00e0, che rappresentano l&#8217;anima della conoscenza scientifica dei fenomeni relativi all&#8217;educazione;<\/li><li>con le Cooperative Sociali del territorio che gestiscono i nidi; la progettazione condivisa con le altre realt\u00e0 territoriali, nel rispetto della diversa organizzativa di ognuno, \u00e8 un traguardo raggiunto dopo tanti anni di lavoro, che ha permesso agli operatori di sviluppare la capacit\u00e0 di confrontarsi con le altre agenzie educative, a garanzia di una crescita complementare;<\/li><li>con l&#8217;Arci Servizio Civile;<\/li><li>con l&#8217;Asl, Spes \u00e8 in rete per la redazione di progetti specifici e personalizzati rivolti ai bambini in situazione di svantaggio e di handicap;<\/li><li>la collaborazione con il Ciofs, ci consente di ospitare all&#8217;interno del servizio i tirocinanti, per lo svolgimento di attivit\u00e0 di stage formativo.<\/li><\/ul><p><strong>A livello regionale<\/strong>, Spes aderisce al Concorso Meridia e alla Lega delle Cooperative (LEGACOOP), qual associazione di tutela e rappresentanza delle cooperative aderenti al fine del loro consolidamento e sviluppo.<\/p><p><strong>A livello<\/strong> <strong>nazionale<\/strong>, Spes \u00e8 in rete con il Consorzio Pan e con il Consorzio GGM, per lo scambio delle buone prassi.\u00a0<\/p><p>Tutte le collaborazioni in sinergia con la nostra organizzazione, sono considerate risorse aggiuntive in termini di idee, confronto, scambio, necessarie al miglioramento continuo del servizio offerto.<\/p>\t\t\t\t\t\t\t\t<\/div>\n\t\t\t\t<\/div>\n\t\t\t\t<div class=\"elementor-element elementor-element-bb88c63 elementor-widget elementor-widget-spacer\" data-id=\"bb88c63\" data-element_type=\"widget\" data-e-type=\"widget\" data-widget_type=\"spacer.default\">\n\t\t\t\t<div class=\"elementor-widget-container\">\n\t\t\t\t\t\t\t<div class=\"elementor-spacer\">\n\t\t\t<div class=\"elementor-spacer-inner\"><\/div>\n\t\t<\/div>\n\t\t\t\t\t\t<\/div>\n\t\t\t\t<\/div>\n\t\t\t\t<div class=\"elementor-element elementor-element-c1693f4 elementor-widget elementor-widget-heading\" data-id=\"c1693f4\" data-element_type=\"widget\" data-e-type=\"widget\" data-widget_type=\"heading.default\">\n\t\t\t\t<div class=\"elementor-widget-container\">\n\t\t\t\t\t<h4 class=\"elementor-heading-title elementor-size-default\">Rapporto con l Pubblica Amministrazione<\/h4>\t\t\t\t<\/div>\n\t\t\t\t<\/div>\n\t\t\t\t<div class=\"elementor-element elementor-element-623fc9c elementor-widget elementor-widget-text-editor\" data-id=\"623fc9c\" data-element_type=\"widget\" data-e-type=\"widget\" data-widget_type=\"text-editor.default\">\n\t\t\t\t<div class=\"elementor-widget-container\">\n\t\t\t\t\t\t\t\t\t<p>Spes gestisce il servizio di Asilo Nido dal 1980, in convenzione con il Comune di Martina Franca.\u00a0<\/p><p>I rapporti con l&#8217;Ente sono frequenti non solo rispetto alla gestione del servizio nido, ma anche per progetti ed iniziative, svolte in collaborazione e sintonia.<\/p>\t\t\t\t\t\t\t\t<\/div>\n\t\t\t\t<\/div>\n\t\t\t\t<div class=\"elementor-element elementor-element-58ea59b elementor-widget elementor-widget-spacer\" data-id=\"58ea59b\" data-element_type=\"widget\" data-e-type=\"widget\" data-widget_type=\"spacer.default\">\n\t\t\t\t<div class=\"elementor-widget-container\">\n\t\t\t\t\t\t\t<div class=\"elementor-spacer\">\n\t\t\t<div class=\"elementor-spacer-inner\"><\/div>\n\t\t<\/div>\n\t\t\t\t\t\t<\/div>\n\t\t\t\t<\/div>\n\t\t\t\t<div class=\"elementor-element elementor-element-d67fbb3 elementor-widget elementor-widget-heading\" data-id=\"d67fbb3\" data-element_type=\"widget\" data-e-type=\"widget\" data-widget_type=\"heading.default\">\n\t\t\t\t<div class=\"elementor-widget-container\">\n\t\t\t\t\t<h4 class=\"elementor-heading-title elementor-size-default\">Impatti ambientali<\/h4>\t\t\t\t<\/div>\n\t\t\t\t<\/div>\n\t\t\t\t<div class=\"elementor-element elementor-element-15b3d05 elementor-widget elementor-widget-text-editor\" data-id=\"15b3d05\" data-element_type=\"widget\" data-e-type=\"widget\" data-widget_type=\"text-editor.default\">\n\t\t\t\t<div class=\"elementor-widget-container\">\n\t\t\t\t\t\t\t\t\t<p>La struttura \u00e8 di propriet\u00e0 Comunale, pertanto tante opere straordinario sono a carico dell&#8217;Ente.<\/p><p>In un&#8217;ottica futura e qualora ci saranno le condizioni adeguate, anche in vista di una rinnovata convenzione, si potr\u00e0 prevedere l&#8217;installazione di un impianto fotovoltaico, al fine di ridurre i consumi energetici dell&#8217;azienda, migliorare il livello di comfort e tutelare lo stesso ambiente.\u00a0<\/p><p>Nello svolgimento delle attivit\u00e0 quotidiana Spes, comunque si impegna a rispettare le azioni correttive a tutela dell&#8217;ambiente, attraverso l&#8217;utilizzo di progetti ecologici e un lavoro costante di differenziazione dei rifiuti.<\/p>\t\t\t\t\t\t\t\t<\/div>\n\t\t\t\t<\/div>\n\t\t\t\t<div class=\"elementor-element elementor-element-2d51414 elementor-widget elementor-widget-spacer\" data-id=\"2d51414\" data-element_type=\"widget\" data-e-type=\"widget\" data-widget_type=\"spacer.default\">\n\t\t\t\t<div class=\"elementor-widget-container\">\n\t\t\t\t\t\t\t<div class=\"elementor-spacer\">\n\t\t\t<div class=\"elementor-spacer-inner\"><\/div>\n\t\t<\/div>\n\t\t\t\t\t\t<\/div>\n\t\t\t\t<\/div>\n\t\t\t\t\t<\/div>\n\t\t<\/div>\n\t\t\t\t\t<\/div>\n\t\t<\/section>\n\t\t\t\t<\/div>\n\t\t","protected":false},"excerpt":{"rendered":"<p>La rete sociale In un&#8217;ottica di crescita comune, \u00e8 necessario attivare forme di collaborazione finalizzate al confronto, allo scambio, per meglio incidere sulla cultura prevalente. [&hellip;]<\/p>\n","protected":false},"author":1,"featured_media":0,"parent":0,"menu_order":0,"comment_status":"closed","ping_status":"closed","template":"","meta":{"footnotes":""},"class_list":["post-93","page","type-page","status-publish","hentry"],"yoast_head":"<!-- This site is optimized with the Yoast SEO plugin v27.6 - https:\/\/yoast.com\/product\/yoast-seo-wordpress\/ -->\n<title>Asilo Nido &quot;Spes&quot;<\/title>\n<meta name=\"robots\" content=\"index, follow, max-snippet:-1, max-image-preview:large, max-video-preview:-1\" \/>\n<link rel=\"canonical\" href=\"https:\/\/www.asilonidospes.it\/?page_id=93\" \/>\n<meta property=\"og:locale\" content=\"it_IT\" \/>\n<meta property=\"og:type\" content=\"article\" \/>\n<meta property=\"og:title\" content=\"Asilo Nido &quot;Spes&quot;\" \/>\n<meta property=\"og:description\" content=\"La rete sociale In un&#8217;ottica di crescita comune, \u00e8 necessario attivare forme di collaborazione finalizzate al confronto, allo scambio, per meglio incidere sulla cultura prevalente. [&hellip;]\" \/>\n<meta property=\"og:url\" content=\"https:\/\/www.asilonidospes.it\/?page_id=93\" \/>\n<meta property=\"og:site_name\" content=\"asilonidospes.it\" \/>\n<meta property=\"article:modified_time\" content=\"2022-01-28T08:44:28+00:00\" \/>\n<meta name=\"twitter:card\" content=\"summary_large_image\" \/>\n<meta name=\"twitter:label1\" content=\"Tempo di lettura stimato\" \/>\n\t<meta name=\"twitter:data1\" content=\"6 minuti\" \/>\n<script type=\"application\/ld+json\" class=\"yoast-schema-graph\">{\"@context\":\"https:\\\/\\\/schema.org\",\"@graph\":[{\"@type\":\"WebPage\",\"@id\":\"https:\\\/\\\/www.asilonidospes.it\\\/?page_id=93\",\"url\":\"https:\\\/\\\/www.asilonidospes.it\\\/?page_id=93\",\"name\":\"Asilo Nido \\\"Spes\\\"\",\"isPartOf\":{\"@id\":\"https:\\\/\\\/www.asilonidospes.it\\\/#website\"},\"datePublished\":\"2021-12-14T19:56:18+00:00\",\"dateModified\":\"2022-01-28T08:44:28+00:00\",\"inLanguage\":\"it-IT\",\"potentialAction\":[{\"@type\":\"ReadAction\",\"target\":[\"https:\\\/\\\/www.asilonidospes.it\\\/?page_id=93\"]}]},{\"@type\":\"WebSite\",\"@id\":\"https:\\\/\\\/www.asilonidospes.it\\\/#website\",\"url\":\"https:\\\/\\\/www.asilonidospes.it\\\/\",\"name\":\"asilonidospes.it\",\"description\":\"\",\"publisher\":{\"@id\":\"https:\\\/\\\/www.asilonidospes.it\\\/#organization\"},\"potentialAction\":[{\"@type\":\"SearchAction\",\"target\":{\"@type\":\"EntryPoint\",\"urlTemplate\":\"https:\\\/\\\/www.asilonidospes.it\\\/?s={search_term_string}\"},\"query-input\":{\"@type\":\"PropertyValueSpecification\",\"valueRequired\":true,\"valueName\":\"search_term_string\"}}],\"inLanguage\":\"it-IT\"},{\"@type\":\"Organization\",\"@id\":\"https:\\\/\\\/www.asilonidospes.it\\\/#organization\",\"name\":\"Cooperativa \\\"SPES\\\"\",\"url\":\"https:\\\/\\\/www.asilonidospes.it\\\/\",\"logo\":{\"@type\":\"ImageObject\",\"inLanguage\":\"it-IT\",\"@id\":\"https:\\\/\\\/www.asilonidospes.it\\\/#\\\/schema\\\/logo\\\/image\\\/\",\"url\":\"https:\\\/\\\/www.asilonidospes.it\\\/wp-content\\\/uploads\\\/2021\\\/12\\\/cropped-259401516_292556159364499_2933684309462808469_n-2.jpeg\",\"contentUrl\":\"https:\\\/\\\/www.asilonidospes.it\\\/wp-content\\\/uploads\\\/2021\\\/12\\\/cropped-259401516_292556159364499_2933684309462808469_n-2.jpeg\",\"width\":1920,\"height\":1920,\"caption\":\"Cooperativa \\\"SPES\\\"\"},\"image\":{\"@id\":\"https:\\\/\\\/www.asilonidospes.it\\\/#\\\/schema\\\/logo\\\/image\\\/\"}}]}<\/script>\n<!-- \/ Yoast SEO plugin. -->","yoast_head_json":{"title":"Asilo Nido \"Spes\"","robots":{"index":"index","follow":"follow","max-snippet":"max-snippet:-1","max-image-preview":"max-image-preview:large","max-video-preview":"max-video-preview:-1"},"canonical":"https:\/\/www.asilonidospes.it\/?page_id=93","og_locale":"it_IT","og_type":"article","og_title":"Asilo Nido \"Spes\"","og_description":"La rete sociale In un&#8217;ottica di crescita comune, \u00e8 necessario attivare forme di collaborazione finalizzate al confronto, allo scambio, per meglio incidere sulla cultura prevalente. [&hellip;]","og_url":"https:\/\/www.asilonidospes.it\/?page_id=93","og_site_name":"asilonidospes.it","article_modified_time":"2022-01-28T08:44:28+00:00","twitter_card":"summary_large_image","twitter_misc":{"Tempo di lettura stimato":"6 minuti"},"schema":{"@context":"https:\/\/schema.org","@graph":[{"@type":"WebPage","@id":"https:\/\/www.asilonidospes.it\/?page_id=93","url":"https:\/\/www.asilonidospes.it\/?page_id=93","name":"Asilo Nido \"Spes\"","isPartOf":{"@id":"https:\/\/www.asilonidospes.it\/#website"},"datePublished":"2021-12-14T19:56:18+00:00","dateModified":"2022-01-28T08:44:28+00:00","inLanguage":"it-IT","potentialAction":[{"@type":"ReadAction","target":["https:\/\/www.asilonidospes.it\/?page_id=93"]}]},{"@type":"WebSite","@id":"https:\/\/www.asilonidospes.it\/#website","url":"https:\/\/www.asilonidospes.it\/","name":"asilonidospes.it","description":"","publisher":{"@id":"https:\/\/www.asilonidospes.it\/#organization"},"potentialAction":[{"@type":"SearchAction","target":{"@type":"EntryPoint","urlTemplate":"https:\/\/www.asilonidospes.it\/?s={search_term_string}"},"query-input":{"@type":"PropertyValueSpecification","valueRequired":true,"valueName":"search_term_string"}}],"inLanguage":"it-IT"},{"@type":"Organization","@id":"https:\/\/www.asilonidospes.it\/#organization","name":"Cooperativa \"SPES\"","url":"https:\/\/www.asilonidospes.it\/","logo":{"@type":"ImageObject","inLanguage":"it-IT","@id":"https:\/\/www.asilonidospes.it\/#\/schema\/logo\/image\/","url":"https:\/\/www.asilonidospes.it\/wp-content\/uploads\/2021\/12\/cropped-259401516_292556159364499_2933684309462808469_n-2.jpeg","contentUrl":"https:\/\/www.asilonidospes.it\/wp-content\/uploads\/2021\/12\/cropped-259401516_292556159364499_2933684309462808469_n-2.jpeg","width":1920,"height":1920,"caption":"Cooperativa \"SPES\""},"image":{"@id":"https:\/\/www.asilonidospes.it\/#\/schema\/logo\/image\/"}}]}},"_links":{"self":[{"href":"https:\/\/www.asilonidospes.it\/index.php?rest_route=\/wp\/v2\/pages\/93","targetHints":{"allow":["GET"]}}],"collection":[{"href":"https:\/\/www.asilonidospes.it\/index.php?rest_route=\/wp\/v2\/pages"}],"about":[{"href":"https:\/\/www.asilonidospes.it\/index.php?rest_route=\/wp\/v2\/types\/page"}],"author":[{"embeddable":true,"href":"https:\/\/www.asilonidospes.it\/index.php?rest_route=\/wp\/v2\/users\/1"}],"replies":[{"embeddable":true,"href":"https:\/\/www.asilonidospes.it\/index.php?rest_route=%2Fwp%2Fv2%2Fcomments&post=93"}],"version-history":[{"count":40,"href":"https:\/\/www.asilonidospes.it\/index.php?rest_route=\/wp\/v2\/pages\/93\/revisions"}],"predecessor-version":[{"id":840,"href":"https:\/\/www.asilonidospes.it\/index.php?rest_route=\/wp\/v2\/pages\/93\/revisions\/840"}],"wp:attachment":[{"href":"https:\/\/www.asilonidospes.it\/index.php?rest_route=%2Fwp%2Fv2%2Fmedia&parent=93"}],"curies":[{"name":"wp","href":"https:\/\/api.w.org\/{rel}","templated":true}]}}